{"id":11,"date":"2020-10-20T15:44:54","date_gmt":"2020-10-20T13:44:54","guid":{"rendered":"https:\/\/startertemplatecloud.com\/e03\/?page_id=11"},"modified":"2023-11-02T16:45:06","modified_gmt":"2023-11-02T15:45:06","slug":"quienes-somos","status":"publish","type":"page","link":"https:\/\/ingeagraria.beta.es\/?page_id=11","title":{"rendered":"Qui\u00e9nes Somos"},"content":{"rendered":"\t\t<div data-elementor-type=\"wp-page\" data-elementor-id=\"11\" class=\"elementor elementor-11\">\n\t\t\t\t\t\t<div class=\"elementor-inner\">\n\t\t\t\t<div class=\"elementor-section-wrap\">\n\t\t\t\t\t\t\t\t\t<section class=\"elementor-section elementor-top-section elementor-element elementor-element-2864e93c elementor-section-boxed elementor-section-height-default elementor-section-height-default\" data-id=\"2864e93c\" data-element_type=\"section\">\n\t\t\t\t\t\t<div class=\"elementor-container elementor-column-gap-default\">\n\t\t\t\t\t\t\t<div class=\"elementor-row\">\n\t\t\t\t\t<div class=\"elementor-column elementor-col-100 elementor-top-column elementor-element elementor-element-47c09901\" data-id=\"47c09901\" data-element_type=\"column\">\n\t\t\t<div class=\"elementor-column-wrap elementor-element-populated\">\n\t\t\t\t\t\t\t<div class=\"elementor-widget-wrap\">\n\t\t\t\t\t\t<div class=\"elementor-element elementor-element-6cbc3ada elementor-widget elementor-widget-heading\" data-id=\"6cbc3ada\" data-element_type=\"widget\" data-widget_type=\"heading.default\">\n\t\t\t\t<div class=\"elementor-widget-container\">\n\t\t\t<style>\/*! elementor - v3.17.0 - 25-10-2023 *\/\n.elementor-heading-title{padding:0;margin:0;line-height:1}.elementor-widget-heading .elementor-heading-title[class*=elementor-size-]>a{color:inherit;font-size:inherit;line-height:inherit}.elementor-widget-heading .elementor-heading-title.elementor-size-small{font-size:15px}.elementor-widget-heading .elementor-heading-title.elementor-size-medium{font-size:19px}.elementor-widget-heading .elementor-heading-title.elementor-size-large{font-size:29px}.elementor-widget-heading .elementor-heading-title.elementor-size-xl{font-size:39px}.elementor-widget-heading .elementor-heading-title.elementor-size-xxl{font-size:59px}<\/style><h1 class=\"elementor-heading-title elementor-size-default\">Quienes Somos<\/h1>\t\t<\/div>\n\t\t\t\t<\/div>\n\t\t\t\t\t\t<\/div>\n\t\t\t\t\t<\/div>\n\t\t<\/div>\n\t\t\t\t\t\t\t\t<\/div>\n\t\t\t\t\t<\/div>\n\t\t<\/section>\n\t\t<div class=\"elementor-element elementor-element-d5dff53 e-con-full e-flex e-con e-parent\" data-id=\"d5dff53\" data-element_type=\"container\" data-settings=\"{&quot;background_background&quot;:&quot;classic&quot;,&quot;content_width&quot;:&quot;full&quot;}\" data-core-v316-plus=\"true\">\n\t\t<div class=\"elementor-element elementor-element-1ea5fb9 e-con-full e-flex e-con e-child\" data-id=\"1ea5fb9\" data-element_type=\"container\" data-settings=\"{&quot;content_width&quot;:&quot;full&quot;,&quot;background_background&quot;:&quot;classic&quot;}\">\n\t\t\t\t<div class=\"elementor-element elementor-element-3a999b7 elementor-widget elementor-widget-text-editor\" data-id=\"3a999b7\" data-element_type=\"widget\" data-widget_type=\"text-editor.default\">\n\t\t\t\t<div class=\"elementor-widget-container\">\n\t\t\t<style>\/*! elementor - v3.17.0 - 25-10-2023 *\/\n.elementor-widget-text-editor.elementor-drop-cap-view-stacked .elementor-drop-cap{background-color:#69727d;color:#fff}.elementor-widget-text-editor.elementor-drop-cap-view-framed .elementor-drop-cap{color:#69727d;border:3px solid;background-color:transparent}.elementor-widget-text-editor:not(.elementor-drop-cap-view-default) .elementor-drop-cap{margin-top:8px}.elementor-widget-text-editor:not(.elementor-drop-cap-view-default) .elementor-drop-cap-letter{width:1em;height:1em}.elementor-widget-text-editor .elementor-drop-cap{float:left;text-align:center;line-height:1;font-size:50px}.elementor-widget-text-editor .elementor-drop-cap-letter{display:inline-block}<\/style>\t\t\t\t\t<div class=\"elementor-text-editor elementor-clearfix\">\n\t\t\t\t<p style=\"text-align: justify;\"><strong id=\"1292184973\">Ingeagraria S.L<\/strong>. surge con la idea de llevar a cabo la presentaci\u00f3n de servicios t\u00e9cnicos de\u00a0\u00a0<strong id=\"1091982128\">Consultor\u00eda, Ingenier\u00eda y Medio Ambiente<\/strong>\u00a0desde nuestra sede en Toledo.Desde hace varios a\u00f1os, la labor de nuestra empresa que fue fundada por Higinio Guti\u00e9rez Ram\u00edrez y Carolina Fern\u00e1ndez Mart\u00edn, descansa en el esfuerzo de un equipo de profesionales altamente cualificados, que a\u00fanan juventud, experiencia y que han dado como resultado m\u00e1s de 300 clientes, que son nuestras mejores refernecias.<br id=\"1678073174\" \/><br id=\"1734074156\" \/><u id=\"1005959826\"><strong id=\"1128408237\">Trabajamos por toda Espa\u00f1a<\/strong><\/u>\u00a0y contamos con un equipo multidisciplinar de ingenieria, por ello ofrecemos un servicio completo, adecuando nuestros esfuerzos a las necesidades de nuestros clientes.<br id=\"1937337854\" \/>El equipo de Ingeagraria lo componen\u00a0<strong id=\"1109710661\">Licenciados en Ciencias Ambientales, Ingenier\u00eda Agr\u00f3noma, Ingenier\u00eda T\u00e9cnica Forestal e Ingenier\u00eda T\u00e9cnica Agr\u00edcola<\/strong>, adem\u00e1s colaboramos con personal especializado con titulaci\u00f3pn en A<strong id=\"1760315223\">rqueolog\u00eda, Ingenier\u00eda T\u00e9cnica Industrial e Ingenier\u00eda de Minas.<\/strong><br id=\"1374914298\" \/><br id=\"1889940122\" \/><strong id=\"1714681751\">Ingeagraria S.L<\/strong>.\u00a0se caracteriza por la\u00a0<strong id=\"1249309854\">implicaci\u00f3n<\/strong>\u00a0en cada proyecto, acompa\u00f1ado de la capacidad para analizar y desarrollar soluciones t\u00e9cnicas en funci\u00f3n de las necesidades funcionales y especificaciones de nuestros clientes.<br id=\"1747303537\" \/>Contamos con un\u00a0<strong id=\"1209638898\">grupo de expertos altamente cualificado<\/strong>\u00a0con conocimiento del sector de la actividad de la empresa tanto en el \u00e1mbito acad\u00e9mico como profesional. Somos perseverantes y constantes en el trabajo, innovando a medida que nos vamos encontrando nuevas necesidades en nuestros clientes.<br id=\"1888395506\" \/><br id=\"1232295312\" \/><br \/><\/p>\t\t\t\t\t<\/div>\n\t\t\t\t\t\t<\/div>\n\t\t\t\t<\/div>\n\t\t\t\t<\/div>\n\t\t<div class=\"elementor-element elementor-element-dea294d e-con-full e-flex e-con e-child\" data-id=\"dea294d\" data-element_type=\"container\" data-settings=\"{&quot;content_width&quot;:&quot;full&quot;,&quot;background_background&quot;:&quot;classic&quot;}\">\n\t\t\t\t<div class=\"elementor-element elementor-element-2114ccc elementor-widget elementor-widget-text-editor\" data-id=\"2114ccc\" data-element_type=\"widget\" data-widget_type=\"text-editor.default\">\n\t\t\t\t<div class=\"elementor-widget-container\">\n\t\t\t\t\t\t\t\t<div class=\"elementor-text-editor elementor-clearfix\">\n\t\t\t\t<p style=\"text-align: justify;\">Contamos con un <strong id=\"1209638898\">grupo de expertos altamente cualificado<\/strong>\u00a0con conocimiento del sector de la actividad de la empresa tanto en el \u00e1mbito acad\u00e9mico como profesional. Somos perseverantes y constantes en el trabajo, innovando a medida que nos vamos encontrando nuevas necesidades en nuestros clientes.<br id=\"1888395506\" \/><br id=\"1232295312\" \/>La evoluci\u00f3n marca nuestro sector y nosotros estamos a\u00a0<strong id=\"1349438922\">la vanguardia en asesoramiento<\/strong>\u00a0para ofrecer siempre\u00a0<strong id=\"1593138066\">las mejores soluciones<\/strong>\u00a0a nuestros clientes. Estamos ubicados en la localidad de\u00a0<strong id=\"1458260697\">Menasalbas,<\/strong>\u00a0municipio eminentemente ganadero. Ello nos permite conocer de primera mano las necesidades de las explotaciones ganaderas al estar en permanente contacto con nuestros clientes.<br id=\"1164729297\" \/><br id=\"1415921050\" \/><strong id=\"1111219641\">Ingeagraria S.L<\/strong>. se haya inscrita dentro del Registro de Entidades Profesionales para el seguimiento y control externo de actividades sometidas a Evaluaci\u00f3n de Impacto Ambiental, para el \u00e1mbito territorial de Albacete, Cuenca, Guadalajara, Ciudad Real y Toledo, para todas las actividades expuestas en la Orden de 26 de enero de 2005 de la Consejer\u00eda de Medio Ambiente.\u00a0<br id=\"1098504883\" \/><br id=\"1995224995\" \/>Nuestra empresa ha recibido el reconocimiento por parte del\u00a0<strong id=\"1345064508\">Colegio Oficial de Ingenieros Tecnicos Agr\u00edcolas de Centro<\/strong>, por la labor desempe\u00f1ada durante los a\u00f1os 2004 y 2008.<\/p>\t\t\t\t\t<\/div>\n\t\t\t\t\t\t<\/div>\n\t\t\t\t<\/div>\n\t\t\t\t<\/div>\n\t\t\t\t<\/div>\n\t\t<div class=\"elementor-element elementor-element-dd8140c e-con-full e-flex e-con e-child\" data-id=\"dd8140c\" data-element_type=\"container\" data-settings=\"{&quot;content_width&quot;:&quot;full&quot;}\">\n\t\t\t\t<div class=\"elementor-element elementor-element-14c7e8a elementor-widget elementor-widget-image\" data-id=\"14c7e8a\" data-element_type=\"widget\" data-widget_type=\"image.default\">\n\t\t\t\t<div class=\"elementor-widget-container\">\n\t\t\t<style>\/*! elementor - v3.17.0 - 25-10-2023 *\/\n.elementor-widget-image{text-align:center}.elementor-widget-image a{display:inline-block}.elementor-widget-image a img[src$=\".svg\"]{width:48px}.elementor-widget-image img{vertical-align:middle;display:inline-block}<\/style>\t\t\t\t\t<div class=\"elementor-image\">\n\t\t\t\t\t\t\t\t\t\t\t\t<img fetchpriority=\"high\" decoding=\"async\" width=\"877\" height=\"1024\" src=\"https:\/\/ingeagraria.beta.es\/wp-content\/uploads\/2023\/10\/89013102_2459917564110475_2780581451135975424_n-Grande-1-877x1024-1.jpg\" class=\"attachment-full size-full wp-image-31\" alt=\"\" srcset=\"https:\/\/ingeagraria.beta.es\/wp-content\/uploads\/2023\/10\/89013102_2459917564110475_2780581451135975424_n-Grande-1-877x1024-1.jpg 877w, https:\/\/ingeagraria.beta.es\/wp-content\/uploads\/2023\/10\/89013102_2459917564110475_2780581451135975424_n-Grande-1-877x1024-1-257x300.jpg 257w, https:\/\/ingeagraria.beta.es\/wp-content\/uploads\/2023\/10\/89013102_2459917564110475_2780581451135975424_n-Grande-1-877x1024-1-768x897.jpg 768w\" sizes=\"(max-width: 877px) 100vw, 877px\" \/>\t\t\t\t\t\t\t\t\t\t\t\t\t\t<\/div>\n\t\t\t\t\t\t<\/div>\n\t\t\t\t<\/div>\n\t\t\t\t<\/div>\n\t\t\t\t<section class=\"elementor-section elementor-top-section elementor-element elementor-element-f7c0179 elementor-section-content-middle elementor-section-boxed elementor-section-height-default elementor-section-height-default\" data-id=\"f7c0179\" data-element_type=\"section\" data-settings=\"{&quot;background_background&quot;:&quot;classic&quot;}\">\n\t\t\t\t\t\t<div class=\"elementor-container elementor-column-gap-no\">\n\t\t\t\t\t\t\t<div class=\"elementor-row\">\n\t\t\t\t\t<div class=\"elementor-column elementor-col-50 elementor-top-column elementor-element elementor-element-c291b03\" data-id=\"c291b03\" data-element_type=\"column\" data-settings=\"{&quot;background_background&quot;:&quot;classic&quot;}\">\n\t\t\t<div class=\"elementor-column-wrap elementor-element-populated\">\n\t\t\t\t\t\t\t<div class=\"elementor-widget-wrap\">\n\t\t\t\t\t\t<div class=\"elementor-element elementor-element-a08d952 elementor-widget elementor-widget-image\" data-id=\"a08d952\" data-element_type=\"widget\" data-widget_type=\"image.default\">\n\t\t\t\t<div class=\"elementor-widget-container\">\n\t\t\t\t\t\t\t\t<div class=\"elementor-image\">\n\t\t\t\t\t\t\t\t\t\t\t\t<img decoding=\"async\" width=\"1024\" height=\"125\" src=\"https:\/\/ingeagraria.beta.es\/wp-content\/uploads\/2023\/10\/logos_j1.jpg\" class=\"attachment-full size-full wp-image-32\" alt=\"\" srcset=\"https:\/\/ingeagraria.beta.es\/wp-content\/uploads\/2023\/10\/logos_j1.jpg 1024w, https:\/\/ingeagraria.beta.es\/wp-content\/uploads\/2023\/10\/logos_j1-300x37.jpg 300w, https:\/\/ingeagraria.beta.es\/wp-content\/uploads\/2023\/10\/logos_j1-768x94.jpg 768w\" sizes=\"(max-width: 1024px) 100vw, 1024px\" \/>\t\t\t\t\t\t\t\t\t\t\t\t\t\t<\/div>\n\t\t\t\t\t\t<\/div>\n\t\t\t\t<\/div>\n\t\t\t\t\t\t<\/div>\n\t\t\t\t\t<\/div>\n\t\t<\/div>\n\t\t\t\t<div class=\"elementor-column elementor-col-50 elementor-top-column elementor-element elementor-element-39124cb\" data-id=\"39124cb\" data-element_type=\"column\" data-settings=\"{&quot;background_background&quot;:&quot;classic&quot;}\">\n\t\t\t<div class=\"elementor-column-wrap elementor-element-populated\">\n\t\t\t\t\t\t\t<div class=\"elementor-widget-wrap\">\n\t\t\t\t\t\t<div class=\"elementor-element elementor-element-3133fb5 elementor-widget elementor-widget-image\" data-id=\"3133fb5\" data-element_type=\"widget\" data-widget_type=\"image.default\">\n\t\t\t\t<div class=\"elementor-widget-container\">\n\t\t\t\t\t\t\t\t<div class=\"elementor-image\">\n\t\t\t\t\t\t\t\t\t\t\t\t<img decoding=\"async\" width=\"1024\" height=\"125\" src=\"https:\/\/ingeagraria.beta.es\/wp-content\/uploads\/2023\/10\/logos_j2.png\" class=\"attachment-full size-full wp-image-33\" alt=\"\" srcset=\"https:\/\/ingeagraria.beta.es\/wp-content\/uploads\/2023\/10\/logos_j2.png 1024w, https:\/\/ingeagraria.beta.es\/wp-content\/uploads\/2023\/10\/logos_j2-300x37.png 300w, https:\/\/ingeagraria.beta.es\/wp-content\/uploads\/2023\/10\/logos_j2-768x94.png 768w\" sizes=\"(max-width: 1024px) 100vw, 1024px\" \/>\t\t\t\t\t\t\t\t\t\t\t\t\t\t<\/div>\n\t\t\t\t\t\t<\/div>\n\t\t\t\t<\/div>\n\t\t\t\t\t\t<\/div>\n\t\t\t\t\t<\/div>\n\t\t<\/div>\n\t\t\t\t\t\t\t\t<\/div>\n\t\t\t\t\t<\/div>\n\t\t<\/section>\n\t\t\t\t\t\t\t\t\t<\/div>\n\t\t\t<\/div>\n\t\t\t\t\t<\/div>\n\t\t","protected":false},"excerpt":{"rendered":"<p>Quienes Somos Ingeagraria S.L. surge con la idea de llevar a cabo la presentaci\u00f3n de servicios t\u00e9cnicos de\u00a0\u00a0Consultor\u00eda, Ingenier\u00eda y Medio Ambiente\u00a0desde nuestra sede en Toledo.Desde hace varios a\u00f1os, la labor de nuestra empresa que fue fundada por Higinio Guti\u00e9rez Ram\u00edrez y Carolina Fern\u00e1ndez Mart\u00edn, descansa en el esfuerzo de un equipo de profesionales altamente&#8230;<\/p>\n","protected":false},"author":1,"featured_media":0,"parent":0,"menu_order":0,"comment_status":"closed","ping_status":"closed","template":"","meta":{"_kad_post_transparent":"","_kad_post_title":"hide","_kad_post_layout":"fullwidth","_kad_post_sidebar_id":"","_kad_post_content_style":"unboxed","_kad_post_vertical_padding":"hide","_kad_post_feature":"hide","_kad_post_feature_position":"","_kad_post_header":false,"_kad_post_footer":false,"footnotes":""},"class_list":["post-11","page","type-page","status-publish","hentry"],"_links":{"self":[{"href":"https:\/\/ingeagraria.beta.es\/index.php?rest_route=\/wp\/v2\/pages\/11","targetHints":{"allow":["GET"]}}],"collection":[{"href":"https:\/\/ingeagraria.beta.es\/index.php?rest_route=\/wp\/v2\/pages"}],"about":[{"href":"https:\/\/ingeagraria.beta.es\/index.php?rest_route=\/wp\/v2\/types\/page"}],"author":[{"embeddable":true,"href":"https:\/\/ingeagraria.beta.es\/index.php?rest_route=\/wp\/v2\/users\/1"}],"replies":[{"embeddable":true,"href":"https:\/\/ingeagraria.beta.es\/index.php?rest_route=%2Fwp%2Fv2%2Fcomments&post=11"}],"version-history":[{"count":17,"href":"https:\/\/ingeagraria.beta.es\/index.php?rest_route=\/wp\/v2\/pages\/11\/revisions"}],"predecessor-version":[{"id":1074,"href":"https:\/\/ingeagraria.beta.es\/index.php?rest_route=\/wp\/v2\/pages\/11\/revisions\/1074"}],"wp:attachment":[{"href":"https:\/\/ingeagraria.beta.es\/index.php?rest_route=%2Fwp%2Fv2%2Fmedia&parent=11"}],"curies":[{"name":"wp","href":"https:\/\/api.w.org\/{rel}","templated":true}]}}