{"id":1001,"date":"2023-10-30T12:30:30","date_gmt":"2023-10-30T11:30:30","guid":{"rendered":"https:\/\/ingeagraria.beta.es\/?page_id=1001"},"modified":"2023-10-30T13:08:59","modified_gmt":"2023-10-30T12:08:59","slug":"declaracion-de-accesibilidad","status":"publish","type":"page","link":"https:\/\/ingeagraria.beta.es\/?page_id=1001","title":{"rendered":"Declaraci\u00f3n de accesibilidad"},"content":{"rendered":"\t\t<div data-elementor-type=\"wp-page\" data-elementor-id=\"1001\" class=\"elementor elementor-1001\">\n\t\t\t\t\t\t<div class=\"elementor-inner\">\n\t\t\t\t<div class=\"elementor-section-wrap\">\n\t\t\t\t\t\t\t<div class=\"elementor-element elementor-element-26a1561b e-flex e-con-boxed e-con e-parent\" data-id=\"26a1561b\" data-element_type=\"container\" data-settings=\"{&quot;content_width&quot;:&quot;boxed&quot;}\" data-core-v316-plus=\"true\">\n\t\t\t\t\t<div class=\"e-con-inner\">\n\t\t\t\t<div class=\"elementor-element elementor-element-1c24e8e elementor-widget elementor-widget-text-editor\" data-id=\"1c24e8e\" data-element_type=\"widget\" data-widget_type=\"text-editor.default\">\n\t\t\t\t<div class=\"elementor-widget-container\">\n\t\t\t<style>\/*! elementor - v3.17.0 - 25-10-2023 *\/\n.elementor-widget-text-editor.elementor-drop-cap-view-stacked .elementor-drop-cap{background-color:#69727d;color:#fff}.elementor-widget-text-editor.elementor-drop-cap-view-framed .elementor-drop-cap{color:#69727d;border:3px solid;background-color:transparent}.elementor-widget-text-editor:not(.elementor-drop-cap-view-default) .elementor-drop-cap{margin-top:8px}.elementor-widget-text-editor:not(.elementor-drop-cap-view-default) .elementor-drop-cap-letter{width:1em;height:1em}.elementor-widget-text-editor .elementor-drop-cap{float:left;text-align:center;line-height:1;font-size:50px}.elementor-widget-text-editor .elementor-drop-cap-letter{display:inline-block}<\/style>\t\t\t\t\t<div class=\"elementor-text-editor elementor-clearfix\">\n\t\t\t\t<!-- wp:paragraph -->\n<p><strong>Accesibilidad<\/strong><\/p>\n<!-- \/wp:paragraph -->\n\n<!-- wp:paragraph -->\n<p>En Ingeagraria nos comprometemos a hacer accesible nuestro sitio web, en cumplimiento con la normativa de accesibilidad vigente. A continuaci\u00f3n, presentamos nuestra declaraci\u00f3n de accesibilidad para el sitio web de Ingeagraria.<\/p>\n<!-- \/wp:paragraph -->\n\n<!-- wp:paragraph -->\n<p><strong>Situaci\u00f3n de cumplimiento<\/strong><\/p>\n<!-- \/wp:paragraph -->\n\n<!-- wp:paragraph -->\n<p>Este sitio web se esfuerza por cumplir con los est\u00e1ndares de accesibilidad de acuerdo con la normativa aplicable. Sin embargo, cabe destacar que a\u00fan existen algunas \u00e1reas en las que no hemos alcanzado plenamente el nivel de accesibilidad deseado. Estas \u00e1reas incluyen:<\/p>\n<!-- \/wp:paragraph -->\n\n<!-- wp:list -->\n<ul><!-- wp:list-item -->\n<li>Documentos y archivos descargables: Algunos documentos y archivos descargables pueden no cumplir completamente con los requisitos de accesibilidad. Te invitamos a contactarnos a trav\u00e9s de la informaci\u00f3n de contacto proporcionada para solicitar versiones accesibles de dichos documentos.<\/li>\n<!-- \/wp:list-item -->\n\n<!-- wp:list-item -->\n<li>Errores puntuales de c\u00f3digo: En algunas p\u00e1ginas web, es posible que existan errores puntuales de c\u00f3digo que afecten la accesibilidad. Estamos trabajando activamente para corregir estos errores y mejorar la experiencia de accesibilidad en todo el sitio.<\/li>\n<!-- \/wp:list-item --><\/ul>\n<!-- \/wp:list -->\n\n<!-- wp:paragraph -->\n<p><strong>Carga desproporcionada<\/strong><\/p>\n<!-- \/wp:paragraph -->\n\n<!-- wp:paragraph -->\n<p>No aplicable.<\/p>\n<!-- \/wp:paragraph -->\n\n<!-- wp:paragraph -->\n<p><strong>Observaciones y datos de contacto<\/strong><\/p>\n<!-- \/wp:paragraph -->\n\n<!-- wp:paragraph -->\n<p>Agradecemos cualquier comentario, consulta o sugerencia relacionada con la accesibilidad de nuestro sitio web. Si encuentras dificultades para acceder al contenido o tienes alguna inquietud sobre el cumplimiento de los requisitos de accesibilidad, te animamos a contactarnos a trav\u00e9s de los siguientes medios:<\/p>\n<!-- \/wp:paragraph -->\n\n<!-- wp:list -->\n<ul><!-- wp:list-item -->\n<li>Correo electr\u00f3nico: info@Ingeagraria.com<\/li>\n<!-- \/wp:list-item -->\n\n<!-- wp:list-item -->\n<li>Tel\u00e9fono:&nbsp;+34 615 403 552<\/li>\n<!-- \/wp:list-item --><\/ul>\n<!-- \/wp:list -->\n\n<!-- wp:paragraph -->\n<p>Adem\u00e1s, si deseas presentar una queja sobre el cumplimiento de los requisitos de accesibilidad o solicitar informaci\u00f3n accesible sobre contenidos espec\u00edficos, te invitamos a comunicarte con nosotros utilizando los datos de contacto proporcionados.<\/p>\n<!-- \/wp:paragraph -->\n\n<!-- wp:paragraph -->\n<p><strong>Actualizaci\u00f3n de la declaraci\u00f3n de accesibilidad<\/strong><\/p>\n<!-- \/wp:paragraph -->\n\n<!-- wp:paragraph -->\n<p>Esta declaraci\u00f3n de accesibilidad fue preparada el 30\/10\/2023. Se ha llevado a cabo una autoevaluaci\u00f3n por parte de nuestro equipo para elaborar esta declaraci\u00f3n.<\/p>\n<!-- \/wp:paragraph -->\n\n<!-- wp:paragraph -->\n<p>Ten en cuenta que esta declaraci\u00f3n de accesibilidad se refiere \u00fanicamente al sitio web de Ingeagraria y no cubre el contenido o enlaces a otros sitios web externos.<\/p>\n<!-- \/wp:paragraph -->\n\n<!-- wp:paragraph -->\n<p>Agradecemos tus comentarios y sugerencias para mejorar la accesibilidad de nuestro sitio web y brindar una experiencia inclusiva a todos nuestros usuarios.<\/p>\n<!-- \/wp:paragraph -->\t\t\t\t\t<\/div>\n\t\t\t\t\t\t<\/div>\n\t\t\t\t<\/div>\n\t\t\t\t\t<\/div>\n\t\t\t\t<\/div>\n\t\t\t\t<section class=\"elementor-section elementor-top-section elementor-element elementor-element-43af060 elementor-section-content-middle elementor-section-boxed elementor-section-height-default elementor-section-height-default\" data-id=\"43af060\" data-element_type=\"section\" data-settings=\"{&quot;background_background&quot;:&quot;classic&quot;}\">\n\t\t\t\t\t\t<div class=\"elementor-container elementor-column-gap-no\">\n\t\t\t\t\t\t\t<div class=\"elementor-row\">\n\t\t\t\t\t<div class=\"elementor-column elementor-col-50 elementor-top-column elementor-element elementor-element-4f29515\" data-id=\"4f29515\" data-element_type=\"column\" data-settings=\"{&quot;background_background&quot;:&quot;classic&quot;}\">\n\t\t\t<div class=\"elementor-column-wrap elementor-element-populated\">\n\t\t\t\t\t\t\t<div class=\"elementor-widget-wrap\">\n\t\t\t\t\t\t<div class=\"elementor-element elementor-element-59d852a elementor-widget elementor-widget-image\" data-id=\"59d852a\" data-element_type=\"widget\" data-widget_type=\"image.default\">\n\t\t\t\t<div class=\"elementor-widget-container\">\n\t\t\t<style>\/*! elementor - v3.17.0 - 25-10-2023 *\/\n.elementor-widget-image{text-align:center}.elementor-widget-image a{display:inline-block}.elementor-widget-image a img[src$=\".svg\"]{width:48px}.elementor-widget-image img{vertical-align:middle;display:inline-block}<\/style>\t\t\t\t\t<div class=\"elementor-image\">\n\t\t\t\t\t\t\t\t\t\t\t\t<img fetchpriority=\"high\" decoding=\"async\" width=\"1024\" height=\"125\" src=\"https:\/\/ingeagraria.beta.es\/wp-content\/uploads\/2023\/10\/logos_j1.jpg\" class=\"attachment-full size-full wp-image-32\" alt=\"\" srcset=\"https:\/\/ingeagraria.beta.es\/wp-content\/uploads\/2023\/10\/logos_j1.jpg 1024w, https:\/\/ingeagraria.beta.es\/wp-content\/uploads\/2023\/10\/logos_j1-300x37.jpg 300w, https:\/\/ingeagraria.beta.es\/wp-content\/uploads\/2023\/10\/logos_j1-768x94.jpg 768w\" sizes=\"(max-width: 1024px) 100vw, 1024px\" \/>\t\t\t\t\t\t\t\t\t\t\t\t\t\t<\/div>\n\t\t\t\t\t\t<\/div>\n\t\t\t\t<\/div>\n\t\t\t\t\t\t<\/div>\n\t\t\t\t\t<\/div>\n\t\t<\/div>\n\t\t\t\t<div class=\"elementor-column elementor-col-50 elementor-top-column elementor-element elementor-element-29a8407\" data-id=\"29a8407\" data-element_type=\"column\" data-settings=\"{&quot;background_background&quot;:&quot;classic&quot;}\">\n\t\t\t<div class=\"elementor-column-wrap elementor-element-populated\">\n\t\t\t\t\t\t\t<div class=\"elementor-widget-wrap\">\n\t\t\t\t\t\t<div class=\"elementor-element elementor-element-6b38903 elementor-widget elementor-widget-image\" data-id=\"6b38903\" data-element_type=\"widget\" data-widget_type=\"image.default\">\n\t\t\t\t<div class=\"elementor-widget-container\">\n\t\t\t\t\t\t\t\t<div class=\"elementor-image\">\n\t\t\t\t\t\t\t\t\t\t\t\t<img decoding=\"async\" width=\"1024\" height=\"125\" src=\"https:\/\/ingeagraria.beta.es\/wp-content\/uploads\/2023\/10\/logos_j2.png\" class=\"attachment-full size-full wp-image-33\" alt=\"\" srcset=\"https:\/\/ingeagraria.beta.es\/wp-content\/uploads\/2023\/10\/logos_j2.png 1024w, https:\/\/ingeagraria.beta.es\/wp-content\/uploads\/2023\/10\/logos_j2-300x37.png 300w, https:\/\/ingeagraria.beta.es\/wp-content\/uploads\/2023\/10\/logos_j2-768x94.png 768w\" sizes=\"(max-width: 1024px) 100vw, 1024px\" \/>\t\t\t\t\t\t\t\t\t\t\t\t\t\t<\/div>\n\t\t\t\t\t\t<\/div>\n\t\t\t\t<\/div>\n\t\t\t\t\t\t<\/div>\n\t\t\t\t\t<\/div>\n\t\t<\/div>\n\t\t\t\t\t\t\t\t<\/div>\n\t\t\t\t\t<\/div>\n\t\t<\/section>\n\t\t\t\t\t\t\t\t\t<\/div>\n\t\t\t<\/div>\n\t\t\t\t\t<\/div>\n\t\t","protected":false},"excerpt":{"rendered":"<p>Accesibilidad En Ingeagraria nos comprometemos a hacer accesible nuestro sitio web, en cumplimiento con la normativa de accesibilidad vigente. A continuaci\u00f3n, presentamos nuestra declaraci\u00f3n de accesibilidad para el sitio web de Ingeagraria. Situaci\u00f3n de cumplimiento Este sitio web se esfuerza por cumplir con los est\u00e1ndares de accesibilidad de acuerdo con la normativa aplicable. Sin embargo,&#8230;<\/p>\n","protected":false},"author":1,"featured_media":0,"parent":0,"menu_order":0,"comment_status":"closed","ping_status":"closed","template":"","meta":{"_kad_post_transparent":"","_kad_post_title":"","_kad_post_layout":"","_kad_post_sidebar_id":"","_kad_post_content_style":"","_kad_post_vertical_padding":"","_kad_post_feature":"","_kad_post_feature_position":"","_kad_post_header":false,"_kad_post_footer":false,"footnotes":""},"class_list":["post-1001","page","type-page","status-publish","hentry"],"_links":{"self":[{"href":"https:\/\/ingeagraria.beta.es\/index.php?rest_route=\/wp\/v2\/pages\/1001","targetHints":{"allow":["GET"]}}],"collection":[{"href":"https:\/\/ingeagraria.beta.es\/index.php?rest_route=\/wp\/v2\/pages"}],"about":[{"href":"https:\/\/ingeagraria.beta.es\/index.php?rest_route=\/wp\/v2\/types\/page"}],"author":[{"embeddable":true,"href":"https:\/\/ingeagraria.beta.es\/index.php?rest_route=\/wp\/v2\/users\/1"}],"replies":[{"embeddable":true,"href":"https:\/\/ingeagraria.beta.es\/index.php?rest_route=%2Fwp%2Fv2%2Fcomments&post=1001"}],"version-history":[{"count":5,"href":"https:\/\/ingeagraria.beta.es\/index.php?rest_route=\/wp\/v2\/pages\/1001\/revisions"}],"predecessor-version":[{"id":1027,"href":"https:\/\/ingeagraria.beta.es\/index.php?rest_route=\/wp\/v2\/pages\/1001\/revisions\/1027"}],"wp:attachment":[{"href":"https:\/\/ingeagraria.beta.es\/index.php?rest_route=%2Fwp%2Fv2%2Fmedia&parent=1001"}],"curies":[{"name":"wp","href":"https:\/\/api.w.org\/{rel}","templated":true}]}}